{"id":506,"date":"2022-01-13T17:13:56","date_gmt":"2022-01-13T16:13:56","guid":{"rendered":"https:\/\/yogazaz.com\/?page_id=506"},"modified":"2025-12-08T16:01:34","modified_gmt":"2025-12-08T15:01:34","slug":"yoga-for-menopause","status":"publish","type":"page","link":"https:\/\/yogazaz.com\/fr\/yoga-for-menopause\/","title":{"rendered":"YOGA POUR LA MENOPAUSE"},"content":{"rendered":"<p>[et_pb_section fb_built=&#8221;1&#8243; _builder_version=&#8221;4.16&#8243; _module_preset=&#8221;default&#8221; background_color=&#8221;#2c358b&#8221; height_tablet=&#8221;500px&#8221; height_phone=&#8221;500px&#8221; height_last_edited=&#8221;on|phone&#8221; custom_margin=&#8221;-500px||||false|false&#8221; custom_padding=&#8221;||0px|||&#8221; locked=&#8221;off&#8221; global_colors_info=&#8221;{}&#8221;][et_pb_row _builder_version=&#8221;4.16&#8243; _module_preset=&#8221;default&#8221; min_height=&#8221;473px&#8221; custom_padding=&#8221;||0px|||&#8221; global_colors_info=&#8221;{}&#8221;][et_pb_column type=&#8221;4_4&#8243; _builder_version=&#8221;4.16&#8243; _module_preset=&#8221;default&#8221; global_colors_info=&#8221;{}&#8221;][\/et_pb_column][\/et_pb_row][\/et_pb_section][et_pb_section fb_built=&#8221;1&#8243; _builder_version=&#8221;4.16&#8243; _module_preset=&#8221;default&#8221; background_color=&#8221;RGBA(255,255,255,0)&#8221; min_height=&#8221;792.5px&#8221; custom_padding=&#8221;65px|||||&#8221; global_colors_info=&#8221;{}&#8221;][et_pb_row _builder_version=&#8221;4.16&#8243; _module_preset=&#8221;default&#8221; custom_padding=&#8221;0px|||||&#8221; global_colors_info=&#8221;{}&#8221;][et_pb_column type=&#8221;4_4&#8243; _builder_version=&#8221;4.16&#8243; _module_preset=&#8221;default&#8221; global_colors_info=&#8221;{}&#8221;][et_pb_text _builder_version=&#8221;4.27.4&#8243; _module_preset=&#8221;default&#8221; text_font=&#8221;|300|||||||&#8221; text_text_color=&#8221;#2c358b&#8221; width=&#8221;99.8%&#8221; custom_margin=&#8221;|||-13px||&#8221; custom_padding=&#8221;15px|0px||0px||&#8221; global_colors_info=&#8221;{}&#8221;]<\/p>\n<h1><span style=\"color: #2c358b; font-size: x-large;\">\u00a0 <strong>YOGA<\/strong><b> FOR MENOPAUSE<\/b><\/span><\/h1>\n<p><strong>What is the Menopause?<\/strong> While every single woman without exception will go through this transition in her midlife, this topic is still very mysterious and most women (and men) are not exactly sure what it means or what it entails. Overall, it is still a largely taboo topic, partly due to the fact that women have not been the authors of this answer as they were not part of the medical specialists who first researched and coined the term. Consequently, behind this question lies centuries of misunderstanding, misinformation and misogyny, resulting in a misconception of the topic and shame to talk about it.<\/p>\n<p>Ignorance, avoidance and denial of this essential topic that is the Menopause is a major issue for several reasons, the most important being that it concerns every woman\u2019s health \u2013 both physical and mental \u2013 which is a basic human right, and that admitting it and being knowledgeable about it is a means for women\u2019s empowerment.<\/p>\n<p>Thankfully, this tendency has started to change more recently, and in the UK for instance more and more women and heath practitioners talk about the Menopause and its effets on women&#8217;s health &#8211; including yoga teachers like<strong><span style=\"text-decoration: underline;\"><a href=\"https:\/\/www.menopause-yoga.com\/about\"> Petra Coveney<\/a><\/span><\/strong>, founder of <strong><em>Menopause Yoga.<\/em><\/strong><\/p>\n<p><em>Menopause Yoga<\/em> is a style of yoga designed to help women manage the main menopausal symtoms. It promotes a positive approach that views the Menopause as a Bio-Psycho-Social-Spiritual transition in a woman&#8217;s life that takes her from a reproductive stage to a post reproductive stage of life. <em>Menopause Yoga<\/em> aims to <strong>inform<\/strong> and <strong>empower<\/strong>\u00a0women so that they can\u00a0<strong>embrace<\/strong>\u00a0the changes in their minds, bodies and emotions.<\/p>\n<p><b><\/b><\/p>\n<p>[\/et_pb_text][\/et_pb_column][\/et_pb_row][et_pb_row column_structure=&#8221;2_5,3_5&#8243; _builder_version=&#8221;4.27.4&#8243; _module_preset=&#8221;default&#8221; global_colors_info=&#8221;{}&#8221;][et_pb_column type=&#8221;2_5&#8243; _builder_version=&#8221;4.27.4&#8243; _module_preset=&#8221;default&#8221; global_colors_info=&#8221;{}&#8221;][et_pb_image src=&#8221;http:\/\/yogazaz.com\/wp-content\/uploads\/2024\/01\/IMG_7685-scaled.jpeg&#8221; title_text=&#8221;IMG_7685&#8243; _builder_version=&#8221;4.27.4&#8243; _module_preset=&#8221;default&#8221; global_colors_info=&#8221;{}&#8221;][\/et_pb_image][\/et_pb_column][et_pb_column type=&#8221;3_5&#8243; _builder_version=&#8221;4.27.4&#8243; _module_preset=&#8221;default&#8221; global_colors_info=&#8221;{}&#8221;][et_pb_text _builder_version=&#8221;4.27.4&#8243; _module_preset=&#8221;default&#8221; text_font=&#8221;|300|||||||&#8221; hover_enabled=&#8221;0&#8243; global_colors_info=&#8221;{}&#8221; link_option_url=&#8221;mailto:info@yogazaz.com&#8221; sticky_enabled=&#8221;0&#8243;]<\/p>\n<h1><span style=\"color: #2c358b; font-size: x-large;\"><b>MENOPAUSE YOGA WORKSHOPS\u00a0<\/b><\/span><\/h1>\n<p>Having trained with Petra herself, Elsa organizes and facilitates regular Menopause Yoga workshops in Brussels. These<strong>\u00a0workshops<\/strong> combines essential knowledge about the menopause with a practical toolkit to support women in this phase including <strong>adapted yoga postures, breathwork, guided relaxation, <\/strong><strong>mindfulness exercices, practical tips <\/strong>and<strong> resources <\/strong>to take home<strong>.<\/strong><\/p>\n<p data-start=\"1175\" data-end=\"1330\">Each workshop also includes a <strong data-start=\"1211\" data-end=\"1229\">sharing circle<\/strong>, encouraging open expression, mutual support and the creation of a caring, non-judgmental community in a safe and confidential space.<\/p>\n<p data-start=\"1332\" data-end=\"1612\">Each workshop is an invitation to slow down, reconnect with yourself, listen to your deeper needs, and begin a new dialogue with your body and your life. It is a space to pause, reflect, and gradually reclaim your inner wisdom and strength during this important life transition.<\/p>\n<p>If you are interested to join the next workshop, <strong><span style=\"text-decoration: underline;\"><a href=\"https:\/\/yogazaz.com\/workshops\/\">contact Yogazaz<\/a><\/span><\/strong> by email.<\/p>\n<p>Feel free to also <a href=\"mailto:info@yogazaz.com\"><span style=\"text-decoration: underline;\">contact Yogazaz<\/span> <\/a>directly if you have any questions, or want to organize a private class or awareness-raising workshop in your professional environment or in another setting.<\/p>\n<p>[\/et_pb_text][\/et_pb_column][\/et_pb_row][et_pb_row column_structure=&#8221;3_5,2_5&#8243; _builder_version=&#8221;4.27.4&#8243; _module_preset=&#8221;default&#8221; global_colors_info=&#8221;{}&#8221;][et_pb_column type=&#8221;3_5&#8243; _builder_version=&#8221;4.27.4&#8243; _module_preset=&#8221;default&#8221; global_colors_info=&#8221;{}&#8221;][et_pb_text _builder_version=&#8221;4.27.4&#8243; _module_preset=&#8221;default&#8221; text_font=&#8221;|300|||||||&#8221; global_colors_info=&#8221;{}&#8221;]<\/p>\n<h2><strong>MENOPAUSE YOGA TEACHER TRAINING COURSE IN BRUSSELS<\/strong><\/h2>\n<p>For the first time ever, Petra Coveney &#8211; founder <span>of Menopause Yoga and author of &#8220;<em>Menopause Yoga &#8211; A Holistic Guide To Supporting Women On Their Menopause Journey&#8217; &#8211; <\/em>will come to Brussels in March 2026 to teach an in-person Menopause Yoga Teacher Training Course. <strong>If you are a certified yoga teacher and are interested to join this course<\/strong>, please check out the dedicated <a href=\"https:\/\/yogazaz.com\/menopause-yoga-teacher-training-course\/\"><span style=\"text-decoration: underline;\"><strong>Menopause Yoga TTC page<\/strong><\/span><\/a> of our website.<\/span><\/p>\n<p>[\/et_pb_text][\/et_pb_column][et_pb_column type=&#8221;2_5&#8243; _builder_version=&#8221;4.27.4&#8243; _module_preset=&#8221;default&#8221; global_colors_info=&#8221;{}&#8221;][et_pb_image src=&#8221;http:\/\/yogazaz.com\/wp-content\/uploads\/2025\/09\/petra3.webp&#8221; title_text=&#8221;petra3&#8243; _builder_version=&#8221;4.27.4&#8243; _module_preset=&#8221;default&#8221; global_colors_info=&#8221;{}&#8221;][\/et_pb_image][\/et_pb_column][\/et_pb_row][\/et_pb_section]<\/p>\n","protected":false},"excerpt":{"rendered":"<p>Le yoga n\u2019est pas seulement b\u00e9n\u00e9fique pour les adultes; il semble \u00e9galement offrir plusieurs bienfaits aux enfants et aux adolescents.<\/p>","protected":false},"author":1,"featured_media":1742,"parent":0,"menu_order":0,"comment_status":"closed","ping_status":"closed","template":"","meta":{"_et_pb_use_builder":"on","_et_pb_old_content":"","_et_gb_content_width":"","footnotes":""},"class_list":["post-506","page","type-page","status-publish","has-post-thumbnail","hentry"],"_links":{"self":[{"href":"https:\/\/yogazaz.com\/fr\/wp-json\/wp\/v2\/pages\/506","targetHints":{"allow":["GET"]}}],"collection":[{"href":"https:\/\/yogazaz.com\/fr\/wp-json\/wp\/v2\/pages"}],"about":[{"href":"https:\/\/yogazaz.com\/fr\/wp-json\/wp\/v2\/types\/page"}],"author":[{"embeddable":true,"href":"https:\/\/yogazaz.com\/fr\/wp-json\/wp\/v2\/users\/1"}],"replies":[{"embeddable":true,"href":"https:\/\/yogazaz.com\/fr\/wp-json\/wp\/v2\/comments?post=506"}],"version-history":[{"count":28,"href":"https:\/\/yogazaz.com\/fr\/wp-json\/wp\/v2\/pages\/506\/revisions"}],"predecessor-version":[{"id":2861,"href":"https:\/\/yogazaz.com\/fr\/wp-json\/wp\/v2\/pages\/506\/revisions\/2861"}],"wp:featuredmedia":[{"embeddable":true,"href":"https:\/\/yogazaz.com\/fr\/wp-json\/wp\/v2\/media\/1742"}],"wp:attachment":[{"href":"https:\/\/yogazaz.com\/fr\/wp-json\/wp\/v2\/media?parent=506"}],"curies":[{"name":"wp","href":"https:\/\/api.w.org\/{rel}","templated":true}]}}